{"id":4,"date":"2016-02-22T10:24:53","date_gmt":"2016-02-22T09:24:53","guid":{"rendered":"http:\/\/d-werk.com\/mir\/?page_id=4"},"modified":"2016-03-17T09:20:30","modified_gmt":"2016-03-17T08:20:30","slug":"liebe-gaeste","status":"publish","type":"page","link":"https:\/\/d-werk.com\/mir-kochen\/","title":{"rendered":"Ein einfaches Rezept f\u00fcr die Integration\u00a0von Fl\u00fcchtlingen in Ravensburg"},"content":{"rendered":"<p>Syrien, Afghanistan, Gambia oder Nordafrika \u2013 auf der Flucht vor Krieg und Verfolgung suchen zahlreiche Menschen Schutz in Deutschland, auch bei uns in Ravensburg. Einige unserer G\u00e4ste bleiben eine gewisse Zeit lang und gehen dann zur\u00fcck in ihre Heimatl\u00e4nder, andere werden hier eine neue Heimat finden. Das ist f\u00fcr alle Seiten eine sehr anspruchsvolle Aufgabe \u2013 f\u00fcr uns als Gastgeber, wie auch f\u00fcr unsere G\u00e4ste.<\/p>\n<p>Mit unserem Kochprojekt wollen wir aktiv dazu beitragen, die Integration von Fl\u00fcchtlingen in Ravensburg zu unterst\u00fctzen. Ziel ist es, durch gemeinsames essen, reden und zuh\u00f6ren einander kennenzulernen und die Situation des jeweils anderen besser zu verstehen. Dieses einfache Rezept f\u00fcr ein gutes Miteinander basiert auf der pers\u00f6nlichen Begegnung zwischen Menschen in Ravensburg.<\/p>\n<p>Wir freuen uns also, auf viele Begegnungen, gutes Essen, interessante Gespr\u00e4che und vielleicht auch neue Freunde.<\/p>\n<p><em>Tom Maier, Stephan K\u00e4mmerle, Ulrich Jassniger<\/em><br \/>\nd-werk gmbh<br \/>\nkommunikation und gestaltung<\/p>\n<p><em>Lisa Fiedler, Moritz K\u00fchnle<\/em><br \/>\nArbeitskreis Asyl<br \/>\nRavensburg-Weingarten<\/p>\n","protected":false},"excerpt":{"rendered":"<p>Syrien, Afghanistan, Gambia oder Nordafrika \u2013 auf der Flucht vor Krieg und Verfolgung suchen zahlreiche Menschen Schutz in Deutschland, auch bei uns in Ravensburg. Einige unserer G\u00e4ste bleiben eine gewisse Zeit lang und gehen dann zur\u00fcck in ihre Heimatl\u00e4nder, andere werden hier eine neue Heimat finden. Das ist f\u00fcr alle Seiten eine sehr anspruchsvolle Aufgabe [&hellip;]<\/p>\n","protected":false},"author":1,"featured_media":0,"parent":0,"menu_order":0,"comment_status":"closed","ping_status":"closed","template":"","meta":[],"_links":{"self":[{"href":"https:\/\/d-werk.com\/mir-kochen\/wp-json\/wp\/v2\/pages\/4"}],"collection":[{"href":"https:\/\/d-werk.com\/mir-kochen\/wp-json\/wp\/v2\/pages"}],"about":[{"href":"https:\/\/d-werk.com\/mir-kochen\/wp-json\/wp\/v2\/types\/page"}],"author":[{"embeddable":true,"href":"https:\/\/d-werk.com\/mir-kochen\/wp-json\/wp\/v2\/users\/1"}],"replies":[{"embeddable":true,"href":"https:\/\/d-werk.com\/mir-kochen\/wp-json\/wp\/v2\/comments?post=4"}],"version-history":[{"count":7,"href":"https:\/\/d-werk.com\/mir-kochen\/wp-json\/wp\/v2\/pages\/4\/revisions"}],"predecessor-version":[{"id":114,"href":"https:\/\/d-werk.com\/mir-kochen\/wp-json\/wp\/v2\/pages\/4\/revisions\/114"}],"wp:attachment":[{"href":"https:\/\/d-werk.com\/mir-kochen\/wp-json\/wp\/v2\/media?parent=4"}],"curies":[{"name":"wp","href":"https:\/\/api.w.org\/{rel}","templated":true}]}}