{"id":6,"date":"2016-02-22T10:25:07","date_gmt":"2016-02-22T09:25:07","guid":{"rendered":"http:\/\/d-werk.com\/mir\/?page_id=6"},"modified":"2016-03-17T11:54:03","modified_gmt":"2016-03-17T10:54:03","slug":"kochabende","status":"publish","type":"page","link":"https:\/\/d-werk.com\/mir-kochen\/kochabende\/","title":{"rendered":"Die Rollen sind vertauscht \u2013 unsere G\u00e4ste werden zu Gastgebern"},"content":{"rendered":"<p>Wir sind \u00fcberzeugt davon, dass unsere Koch- und Kennenlern-Abende f\u00fcr alle Beteiligten bereichernd sein k\u00f6nnen. So sind die Rollen vertauscht \u2013 unsere G\u00e4ste werden zu Gastgebern und vermitteln uns auf schmackhafte Art und Weise ihre Esskultur. Und vielleicht ergeben sich hieraus noch weitere M\u00f6glichkeiten f\u00fcr gemeinsame Aktivit\u00e4ten \u2013 beruflich oder famili\u00e4r, sportlich oder musikalisch.<\/p>\n<p>Die Abende werden redaktionell und fotografisch begleitet mit dem Ziel, ein Kochprojekt-Buch zu realisieren. Dies l\u00e4sst sich nat\u00fcrlich nur mit lieben G\u00e4sten, guten Partnern, aktiven Ehrenamtlichen und starken F\u00f6rderern realisieren. Daf\u00fcr m\u00f6chten wir uns bereits an dieser Stelle herzlich bedanken.<\/p>\n","protected":false},"excerpt":{"rendered":"<p>Wir sind \u00fcberzeugt davon, dass unsere Koch- und Kennenlern-Abende f\u00fcr alle Beteiligten bereichernd sein k\u00f6nnen. So sind die Rollen vertauscht \u2013 unsere G\u00e4ste werden zu Gastgebern und vermitteln uns auf schmackhafte Art und Weise ihre Esskultur. Und vielleicht ergeben sich hieraus noch weitere M\u00f6glichkeiten f\u00fcr gemeinsame Aktivit\u00e4ten \u2013 beruflich oder famili\u00e4r, sportlich oder musikalisch. Die [&hellip;]<\/p>\n","protected":false},"author":1,"featured_media":0,"parent":0,"menu_order":0,"comment_status":"closed","ping_status":"closed","template":"","meta":[],"_links":{"self":[{"href":"https:\/\/d-werk.com\/mir-kochen\/wp-json\/wp\/v2\/pages\/6"}],"collection":[{"href":"https:\/\/d-werk.com\/mir-kochen\/wp-json\/wp\/v2\/pages"}],"about":[{"href":"https:\/\/d-werk.com\/mir-kochen\/wp-json\/wp\/v2\/types\/page"}],"author":[{"embeddable":true,"href":"https:\/\/d-werk.com\/mir-kochen\/wp-json\/wp\/v2\/users\/1"}],"replies":[{"embeddable":true,"href":"https:\/\/d-werk.com\/mir-kochen\/wp-json\/wp\/v2\/comments?post=6"}],"version-history":[{"count":5,"href":"https:\/\/d-werk.com\/mir-kochen\/wp-json\/wp\/v2\/pages\/6\/revisions"}],"predecessor-version":[{"id":145,"href":"https:\/\/d-werk.com\/mir-kochen\/wp-json\/wp\/v2\/pages\/6\/revisions\/145"}],"wp:attachment":[{"href":"https:\/\/d-werk.com\/mir-kochen\/wp-json\/wp\/v2\/media?parent=6"}],"curies":[{"name":"wp","href":"https:\/\/api.w.org\/{rel}","templated":true}]}}